{"id":10762,"date":"2020-02-12T08:51:30","date_gmt":"2020-02-12T07:51:30","guid":{"rendered":"https:\/\/lunch-bornholm.dk\/startseite\/"},"modified":"2026-02-12T13:34:30","modified_gmt":"2026-02-12T12:34:30","slug":"startseite","status":"publish","type":"page","link":"https:\/\/lunch-bornholm.dk\/de\/","title":{"rendered":"Startseite"},"content":{"rendered":"\t\t<div data-elementor-type=\"wp-page\" data-elementor-id=\"10762\" class=\"elementor elementor-10762 elementor-15\" data-elementor-post-type=\"page\">\n\t\t\t\t<div class=\"elementor-element elementor-element-37fd9e3e e-flex e-con-boxed e-con e-parent\" data-id=\"37fd9e3e\" data-element_type=\"container\" data-settings=\"{&quot;background_background&quot;:&quot;classic&quot;}\">\n\t\t\t\t\t<div class=\"e-con-inner\">\n\t\t<div class=\"elementor-element elementor-element-befb3c7 e-con-full white e-flex e-con e-child\" data-id=\"befb3c7\" data-element_type=\"container\">\n\t\t\t\t<div class=\"elementor-element elementor-element-4c0faabc elementor-widget elementor-widget-text-editor\" data-id=\"4c0faabc\" data-element_type=\"widget\" data-widget_type=\"text-editor.default\">\n\t\t\t\t<div class=\"elementor-widget-container\">\n\t\t\t\t\t\t\t\t\t<p>Willkommen bei Restaurant LUNCH<\/p>\t\t\t\t\t\t\t\t<\/div>\n\t\t\t\t<\/div>\n\t\t\t\t<div class=\"elementor-element elementor-element-1d4b94ec elementor-widget elementor-widget-heading\" data-id=\"1d4b94ec\" data-element_type=\"widget\" data-widget_type=\"heading.default\">\n\t\t\t\t<div class=\"elementor-widget-container\">\n\t\t\t\t\t<h1 class=\"elementor-heading-title elementor-size-default\">Mittagsrestaurant mit Aussicht auf Geschmackserlebnisse der Extraklasse<\/h1>\t\t\t\t<\/div>\n\t\t\t\t<\/div>\n\t\t\t\t<\/div>\n\t\t<div class=\"elementor-element elementor-element-748be685 e-con-full e-flex e-con e-child\" data-id=\"748be685\" data-element_type=\"container\">\n\t\t\t\t<div class=\"elementor-element elementor-element-27529025 elementor-mobile-align-justify elementor-widget-mobile__width-inherit borderwhite elementor-widget elementor-widget-button\" data-id=\"27529025\" data-element_type=\"widget\" data-widget_type=\"button.default\">\n\t\t\t\t<div class=\"elementor-widget-container\">\n\t\t\t\t\t\t\t\t\t<div class=\"elementor-button-wrapper\">\n\t\t\t\t\t<a class=\"elementor-button elementor-button-link elementor-size-sm\" href=\"https:\/\/book.easytablebooking.com\/book\/?id=71f0e&#038;lang=da\" target=\"_blank\">\n\t\t\t\t\t\t<span class=\"elementor-button-content-wrapper\">\n\t\t\t\t\t\t\t\t\t<span class=\"elementor-button-text\">Tisch reservieren<\/span>\n\t\t\t\t\t<\/span>\n\t\t\t\t\t<\/a>\n\t\t\t\t<\/div>\n\t\t\t\t\t\t\t\t<\/div>\n\t\t\t\t<\/div>\n\t\t\t\t<\/div>\n\t\t\t\t\t<\/div>\n\t\t\t\t<\/div>\n\t\t<div class=\"elementor-element elementor-element-02593b1 light e-flex e-con-boxed e-con e-parent\" data-id=\"02593b1\" data-element_type=\"container\">\n\t\t\t\t\t<div class=\"e-con-inner\">\n\t\t\t\t<div class=\"elementor-element elementor-element-0717144 elementor-invisible elementor-widget elementor-widget-heading\" data-id=\"0717144\" data-element_type=\"widget\" data-settings=\"{&quot;_animation&quot;:&quot;fadeInUp&quot;}\" data-widget_type=\"heading.default\">\n\t\t\t\t<div class=\"elementor-widget-container\">\n\t\t\t\t\t<h2 class=\"elementor-heading-title elementor-size-default\">Restaurant mit herrlichem Meerblick \u00fcber die Ostsee<\/h2>\t\t\t\t<\/div>\n\t\t\t\t<\/div>\n\t\t<div class=\"elementor-element elementor-element-c082467 e-con-full e-flex e-con e-child\" data-id=\"c082467\" data-element_type=\"container\">\n\t\t<div class=\"elementor-element elementor-element-ab6385a e-con-full e-flex e-con e-child\" data-id=\"ab6385a\" data-element_type=\"container\" data-settings=\"{&quot;animation&quot;:&quot;none&quot;}\">\n\t\t\t\t<div class=\"elementor-element elementor-element-e23b772 elementor-widget elementor-widget-image\" data-id=\"e23b772\" data-element_type=\"widget\" data-widget_type=\"image.default\">\n\t\t\t\t<div class=\"elementor-widget-container\">\n\t\t\t\t\t\t\t\t\t\t\t\t\t\t\t<img fetchpriority=\"high\" decoding=\"async\" width=\"2000\" height=\"1333\" src=\"https:\/\/lunch-bornholm.dk\/wp-content\/uploads\/2026\/01\/MG_9287.jpg\" class=\"attachment-full size-full wp-image-10745\" alt=\"Tjener p\u00e5\" srcset=\"https:\/\/lunch-bornholm.dk\/wp-content\/uploads\/2026\/01\/MG_9287.jpg 2000w, https:\/\/lunch-bornholm.dk\/wp-content\/uploads\/2026\/01\/MG_9287-500x333.jpg 500w, https:\/\/lunch-bornholm.dk\/wp-content\/uploads\/2026\/01\/MG_9287-1000x667.jpg 1000w, https:\/\/lunch-bornholm.dk\/wp-content\/uploads\/2026\/01\/MG_9287-768x512.jpg 768w, https:\/\/lunch-bornholm.dk\/wp-content\/uploads\/2026\/01\/MG_9287-1536x1024.jpg 1536w\" sizes=\"(max-width: 2000px) 100vw, 2000px\" \/>\t\t\t\t\t\t\t\t\t\t\t\t\t\t\t<\/div>\n\t\t\t\t<\/div>\n\t\t\t\t<\/div>\n\t\t<div class=\"elementor-element elementor-element-1468e9a e-con-full e-flex e-con e-child\" data-id=\"1468e9a\" data-element_type=\"container\" data-settings=\"{&quot;animation&quot;:&quot;none&quot;}\">\n\t\t\t\t<div class=\"elementor-element elementor-element-247cc07 elementor-widget elementor-widget-text-editor\" data-id=\"247cc07\" data-element_type=\"widget\" data-widget_type=\"text-editor.default\">\n\t\t\t\t<div class=\"elementor-widget-container\">\n\t\t\t\t\t\t\t\t\t<h2>Ein Lokal und Restaurant auf Bornholm mit Fokus auf Qualit\u00e4t<\/h2><p>Wenn Sie ein Restaurant auf Bornholm suchen, in dem Sie ein Mittagessen in sch\u00f6ner Umgebung genie\u00dfen k\u00f6nnen, k\u00f6nnen Sie sich auf die Er\u00f6ffnung von LUNCH am Vang Havn freuen. Hier k\u00f6nnen Sie fokussierte Gastronomie, pers\u00f6nlichen Service und eine pr\u00e4sente Atmosph\u00e4re erleben, egal ob Sie uns von Hasle, R\u00f8nne, Bornholm oder Umgebung besuchen. Wir schaffen ein Lokal, in dem Sie sich entspannen, die Ruhe genie\u00dfen und sich von einer Mittagsmen\u00fc mit Blick auf die Ostsee verw\u00f6hnen lassen k\u00f6nnen. Genie\u00dfen Sie ein <a href=\"\/de\/das-restaurant\/\">Restaurant mit Meerblick<\/a>, w\u00e4hrend Sie einige der besten <a href=\"\/de\/tapas\/\">Tapas auf Bornholm<\/a> essen, und sp\u00fcren Sie, wie ein Mittagsrestaurant an der K\u00fcste die Stimmung hebt und den Rahmen f\u00fcr ein entspanntes Mittagessen schafft.<\/p><h2>Ein Mittagsrestaurant mit Fokus auf Qualit\u00e4t<\/h2><p>Als Gast bei uns erhalten Sie ein kulinarisches Erlebnis, das Geschmack, Pr\u00e4zision und Atmosph\u00e4re vereint. Wir arbeiten gezielt daran, ein Mittagsrestaurant zu schaffen, das gute Zutaten, durchdachte Gerichte und \u00c4sthetik in allen Details vereint. LUNCH er\u00f6ffnet am 2. April 2026 in den ehemaligen R\u00e4umlichkeiten des Caf\u00e9 Misty, und als Restaurant auf Bornholm bauen wir auf dem Qualit\u00e4tsbewusstsein von Le Port auf, jedoch in einem Format, das f\u00fcr Mittagessen, Kaffee und Nachmittagsgem\u00fctlichkeit geschaffen wurde.<\/p><p>Unsere Mittagsmen\u00fc ist von 11.30 bis 15.30 Uhr erh\u00e4ltlich, danach k\u00f6nnen Sie den Blick \u00fcber die Ostsee bei Kaffee und Kuchen oder einem Drink und leichten Snacks genie\u00dfen. Das gesamte Erlebnis entspringt der besonderen Landschaft und Gastronomie Bornholms, und gerade deshalb ist es uns wichtig, ein Restaurant auf Bornholm zu schaffen, in dem die G\u00e4ste die Identit\u00e4t der Insel durch Atmosph\u00e4re und Speisen sp\u00fcren k\u00f6nnen.<\/p><p>Sie k\u00f6nnen sich unter anderem freuen auf:<\/p><ul><li>Mittagsgerichte mit Fokus auf Saison und Qualit\u00e4t<\/li><li>Tapas, serviert mit Frische und Ausgewogenheit<\/li><li>Kaffee und Kuchen f\u00fcr die entspannte Nachmittagspause<\/li><\/ul>\t\t\t\t\t\t\t\t<\/div>\n\t\t\t\t<\/div>\n\t\t\t\t<\/div>\n\t\t\t\t<\/div>\n\t\t<div class=\"elementor-element elementor-element-1fe1486 e-con-full e-flex e-con e-child\" data-id=\"1fe1486\" data-element_type=\"container\">\n\t\t<div class=\"elementor-element elementor-element-0425a12 e-con-full e-flex e-con e-child\" data-id=\"0425a12\" data-element_type=\"container\">\n\t\t\t\t<div class=\"elementor-element elementor-element-25b67a7 elementor-widget elementor-widget-image\" data-id=\"25b67a7\" data-element_type=\"widget\" data-widget_type=\"image.default\">\n\t\t\t\t<div class=\"elementor-widget-container\">\n\t\t\t\t\t\t\t\t\t\t\t\t\t\t\t<img decoding=\"async\" width=\"1458\" height=\"2048\" src=\"https:\/\/lunch-bornholm.dk\/wp-content\/uploads\/2026\/01\/MG_9929-Enhanced-vin-scaled-e1776342775821.jpg\" class=\"attachment-full size-full wp-image-10723\" alt=\"Vink\u00f8lskab p\" \/>\t\t\t\t\t\t\t\t\t\t\t\t\t\t\t<\/div>\n\t\t\t\t<\/div>\n\t\t\t\t<\/div>\n\t\t<div class=\"elementor-element elementor-element-fc2da9b e-con-full e-flex e-con e-child\" data-id=\"fc2da9b\" data-element_type=\"container\" data-settings=\"{&quot;animation&quot;:&quot;none&quot;}\">\n\t\t\t\t<div class=\"elementor-element elementor-element-0fc13ba elementor-widget elementor-widget-text-editor\" data-id=\"0fc13ba\" data-element_type=\"widget\" data-widget_type=\"text-editor.default\">\n\t\t\t\t<div class=\"elementor-widget-container\">\n\t\t\t\t\t\t\t\t\t<h2>Was macht unser Restaurant auf Bornholm so besonders?<\/h2><p>Unser Ziel ist es, ein Restaurant zu schaffen, in dem Sie als Gast ein unvergessliches Erlebnis haben. Der Blick auf die Ostsee ist ein wesentlicher Bestandteil des Besuchs, aber es ist die Kombination aus Service, Gesamterlebnis und durchdachten Gerichten, die uns als Restaurant auf Bornholm auszeichnet. Hier ist es uns wichtig, dass die Details zusammenarbeiten, damit Sie ein kulinarisches Erlebnis erhalten, das sich vom Traditionellen unterscheidet.  <\/p><p>Wir arbeiten gleichzeitig daran, LUNCH zu einer nat\u00fcrlichen Wahl f\u00fcr Einheimische und Touristen zu machen, die nach Restaurants auf Bornholm, Restaurants in der N\u00e4he und Orten suchen, an denen man sich Zeit f\u00fcr Besinnung nehmen kann. Dies gilt sowohl f\u00fcr den spontanen Ausflug im Alltag als auch f\u00fcr Besuche, bei denen Sie gute Momente mit Familie oder Freunden teilen m\u00f6chten. <\/p><h2>Wie passt LUNCH in die Restaurants und Lokale auf Bornholm?<\/h2><p>Wir m\u00f6chten mit einem Lokal einen Beitrag leisten, das sowohl die Esskultur der Insel respektiert als auch eine neue Dimension hinzuf\u00fcgt. Die Qualit\u00e4t liegt in den einfachen Entscheidungen: gut zubereitetes Essen, aufmerksamer Service und eine Umgebung, die an sich schon zur Ruhe einl\u00e4dt. Viele suchen nach Restaurants, in denen Aussicht und gutes Essen Hand in Hand gehen, und hier haben wir einen Rahmen geschaffen, der diesen W\u00fcnschen entspricht.  <\/p><p>Indem wir Tapas, Mittagsgerichte, Kaffee und Kuchen unter einem Dach vereinen, bieten wir ein flexibles Lokal, das sowohl Besucher anspricht, die leicht essen m\u00f6chten, als auch solche, die ein volles Mittagserlebnis w\u00fcnschen.<\/p>\t\t\t\t\t\t\t\t<\/div>\n\t\t\t\t<\/div>\n\t\t\t\t<\/div>\n\t\t\t\t<\/div>\n\t\t<div class=\"elementor-element elementor-element-34e8f18 e-con-full e-flex e-con e-child\" data-id=\"34e8f18\" data-element_type=\"container\">\n\t\t<div class=\"elementor-element elementor-element-cb651d4 e-con-full e-flex e-con e-child\" data-id=\"cb651d4\" data-element_type=\"container\">\n\t\t\t\t<div class=\"elementor-element elementor-element-520dd55 elementor-widget elementor-widget-image\" data-id=\"520dd55\" data-element_type=\"widget\" data-widget_type=\"image.default\">\n\t\t\t\t<div class=\"elementor-widget-container\">\n\t\t\t\t\t\t\t\t\t\t\t\t\t\t\t<img decoding=\"async\" width=\"1536\" height=\"2048\" src=\"https:\/\/lunch-bornholm.dk\/wp-content\/uploads\/2026\/01\/20230413_183016-scaled.jpg\" class=\"attachment-full size-full wp-image-10729\" alt=\"Frokostrestaurant i Hasle\" srcset=\"https:\/\/lunch-bornholm.dk\/wp-content\/uploads\/2026\/01\/20230413_183016-scaled.jpg 1536w, https:\/\/lunch-bornholm.dk\/wp-content\/uploads\/2026\/01\/20230413_183016-375x500.jpg 375w, https:\/\/lunch-bornholm.dk\/wp-content\/uploads\/2026\/01\/20230413_183016-750x1000.jpg 750w, https:\/\/lunch-bornholm.dk\/wp-content\/uploads\/2026\/01\/20230413_183016-768x1024.jpg 768w, https:\/\/lunch-bornholm.dk\/wp-content\/uploads\/2026\/01\/20230413_183016-1152x1536.jpg 1152w\" sizes=\"(max-width: 1536px) 100vw, 1536px\" \/>\t\t\t\t\t\t\t\t\t\t\t\t\t\t\t<\/div>\n\t\t\t\t<\/div>\n\t\t\t\t<\/div>\n\t\t<div class=\"elementor-element elementor-element-fe3ff4c e-con-full e-flex e-con e-child\" data-id=\"fe3ff4c\" data-element_type=\"container\" data-settings=\"{&quot;animation&quot;:&quot;none&quot;}\">\n\t\t\t\t<div class=\"elementor-element elementor-element-5072d3f elementor-widget elementor-widget-text-editor\" data-id=\"5072d3f\" data-element_type=\"widget\" data-widget_type=\"text-editor.default\">\n\t\t\t\t<div class=\"elementor-widget-container\">\n\t\t\t\t\t\t\t\t\t<h2>F\u00fcr welche Arten von G\u00e4sten ist LUNCH geschaffen?<\/h2><p>Wir haben LUNCH f\u00fcr G\u00e4ste eingerichtet, die Wert auf ein Gleichgewicht zwischen Erlebnis und Gastronomie legen. Dies gilt sowohl f\u00fcr Sie, die vor Ort wohnen, als auch f\u00fcr Sie, die die Insel als Tourist besuchen. Egal, ob Sie uns von Hasle, R\u00f8nne, anderen Teilen Bornholms oder von weit her besuchen, wir hei\u00dfen Sie in einem Mittagsrestaurant willkommen, in dem Ruhe, Geschmack und Aussicht im Mittelpunkt stehen.  <\/p><h2>Willkommen zu neuen Geschmackserlebnissen \u2013 buchen Sie noch heute Ihren Tisch<\/h2><p>Wenn Sie mehr \u00fcber LUNCH erfahren, die Entwicklung bis zur Er\u00f6ffnung verfolgen oder Informationen \u00fcber kommende Men\u00fcs erhalten m\u00f6chten, k\u00f6nnen Sie sich gerne an Le Port wenden. Wir freuen uns darauf, Sie willkommen zu hei\u00dfen und neue sch\u00f6ne Erinnerungen in der Saison 2026 zu schaffen. <\/p><p>Rufen Sie uns unter <a href=\"tel:+45 56 96 92 01\" aria-label=\"Telefon nummer\">+45 56 96 92 01<\/a> an oder schreiben Sie an <a href=\"mailto:info@lunch-bornholm.dk\" aria-label=\"Email adresse\">info@lunch-bornholm.dk<\/a>, wir helfen Ihnen gerne weiter. Geografisch sind wir bereit, G\u00e4ste aus Hasle, R\u00f8nne, Bornholm und anderen nahegelegenen St\u00e4dten zu empfangen. <\/p>\t\t\t\t\t\t\t\t<\/div>\n\t\t\t\t<\/div>\n\t\t\t\t<\/div>\n\t\t\t\t<\/div>\n\t\t\t\t\t<\/div>\n\t\t\t\t<\/div>\n\t\t<div class=\"elementor-element elementor-element-8d57c2c white e-con-full e-flex e-con e-parent\" data-id=\"8d57c2c\" data-element_type=\"container\" data-settings=\"{&quot;background_background&quot;:&quot;classic&quot;}\">\n\t\t<div class=\"elementor-element elementor-element-5e24ecad e-con-full e-flex e-con e-child\" data-id=\"5e24ecad\" data-element_type=\"container\">\n\t\t\t\t<div class=\"elementor-element elementor-element-7151d287 elementor-widget elementor-widget-text-editor\" data-id=\"7151d287\" data-element_type=\"widget\" data-widget_type=\"text-editor.default\">\n\t\t\t\t<div class=\"elementor-widget-container\">\n\t\t\t\t\t\t\t\t\t<h2>Online Tisch reservieren<\/h2><p>Wir empfehlen, einen Tisch zu reservieren, um sicherzustellen, dass Sie einen Termin haben.<br>Tischreservierungen sind nur f\u00fcr G\u00e4ste, die speisen.<\/p>\t\t\t\t\t\t\t\t<\/div>\n\t\t\t\t<\/div>\n\t\t<div class=\"elementor-element elementor-element-3afa3a58 e-con-full e-flex e-con e-child\" data-id=\"3afa3a58\" data-element_type=\"container\">\n\t\t\t\t<div class=\"elementor-element elementor-element-9b2d223 elementor-mobile-align-justify elementor-widget-mobile__width-inherit borderwhite elementor-widget elementor-widget-button\" data-id=\"9b2d223\" data-element_type=\"widget\" data-widget_type=\"button.default\">\n\t\t\t\t<div class=\"elementor-widget-container\">\n\t\t\t\t\t\t\t\t\t<div class=\"elementor-button-wrapper\">\n\t\t\t\t\t<a class=\"elementor-button elementor-button-link elementor-size-sm\" href=\"https:\/\/book.easytablebooking.com\/book\/?id=71f0e&#038;lang=da\" target=\"_blank\">\n\t\t\t\t\t\t<span class=\"elementor-button-content-wrapper\">\n\t\t\t\t\t\t\t\t\t<span class=\"elementor-button-text\">Tisch reservieren<\/span>\n\t\t\t\t\t<\/span>\n\t\t\t\t\t<\/a>\n\t\t\t\t<\/div>\n\t\t\t\t\t\t\t\t<\/div>\n\t\t\t\t<\/div>\n\t\t\t\t<\/div>\n\t\t\t\t<\/div>\n\t\t\t\t<\/div>\n\t\t\t\t<\/div>\n\t\t","protected":false},"excerpt":{"rendered":"<p>Willkommen bei Mittagsrestaurant mit Aussicht auf Geschmackserlebnisse der Extraklasse Tisch reservieren Restaurant mit herrlichem Meerblick \u00fcber die Ostsee Ein Lokal und Restaurant auf Bornholm mit Fokus auf Qualit\u00e4t Wenn Sie ein Restaurant auf Bornholm suchen, in dem Sie ein Mittagessen in sch\u00f6ner Umgebung genie\u00dfen k\u00f6nnen, k\u00f6nnen Sie sich auf die Er\u00f6ffnung von LUNCH am Vang &#8230; <a title=\"Startseite\" class=\"read-more\" href=\"https:\/\/lunch-bornholm.dk\/de\/\" aria-label=\"Mehr Informationen \u00fcber Startseite\">Weiterlesen &#8230;<\/a><\/p>\n","protected":false},"author":1,"featured_media":0,"parent":0,"menu_order":0,"comment_status":"closed","ping_status":"closed","template":"","meta":{"_acf_changed":false,"footnotes":""},"categories":[],"class_list":["post-10762","page","type-page","status-publish"],"acf":[],"yoast_head":"<!-- This site is optimized with the Yoast SEO plugin v27.5 - https:\/\/yoast.com\/product\/yoast-seo-wordpress\/ -->\n<title>Startseite | Restaurant LUNCH<\/title>\n<meta name=\"description\" content=\"Frokostrestaurant med udsigt til smagsoplevelser i s\u00e6rklasse. Kontaktieren Sie Restaurant LUNCH noch heute!\" \/>\n<meta name=\"robots\" content=\"index, follow, max-snippet:-1, max-image-preview:large, max-video-preview:-1\" \/>\n<link rel=\"canonical\" href=\"https:\/\/lunch-bornholm.dk\/de\/\" \/>\n<meta property=\"og:locale\" content=\"de_DE\" \/>\n<meta property=\"og:type\" content=\"article\" \/>\n<meta property=\"og:title\" content=\"Startseite | Restaurant LUNCH\" \/>\n<meta property=\"og:description\" content=\"Frokostrestaurant med udsigt til smagsoplevelser i s\u00e6rklasse. Kontaktieren Sie Restaurant LUNCH noch heute!\" \/>\n<meta property=\"og:url\" content=\"https:\/\/lunch-bornholm.dk\/de\/\" \/>\n<meta property=\"og:site_name\" content=\"Restaurant LUNCH\" \/>\n<meta property=\"article:modified_time\" content=\"2026-02-12T12:34:30+00:00\" \/>\n<meta property=\"og:image\" content=\"https:\/\/lunch-bornholm.dk\/wp-content\/uploads\/2026\/01\/MG_9287.jpg\" \/>\n\t<meta property=\"og:image:width\" content=\"2000\" \/>\n\t<meta property=\"og:image:height\" content=\"1333\" \/>\n\t<meta property=\"og:image:type\" content=\"image\/jpeg\" \/>\n<meta name=\"twitter:card\" content=\"summary_large_image\" \/>\n<meta name=\"twitter:label1\" content=\"Gesch\u00e4tzte Lesezeit\" \/>\n\t<meta name=\"twitter:data1\" content=\"4\u00a0Minuten\" \/>\n<script type=\"application\/ld+json\" class=\"yoast-schema-graph\">{\"@context\":\"https:\\\/\\\/schema.org\",\"@graph\":[{\"@type\":\"WebPage\",\"@id\":\"https:\\\/\\\/lunch-bornholm.dk\\\/de\\\/\",\"url\":\"https:\\\/\\\/lunch-bornholm.dk\\\/de\\\/\",\"name\":\"Startseite | Restaurant LUNCH\",\"isPartOf\":{\"@id\":\"https:\\\/\\\/lunch-bornholm.dk\\\/de\\\/#website\"},\"primaryImageOfPage\":{\"@id\":\"https:\\\/\\\/lunch-bornholm.dk\\\/de\\\/#primaryimage\"},\"image\":{\"@id\":\"https:\\\/\\\/lunch-bornholm.dk\\\/de\\\/#primaryimage\"},\"thumbnailUrl\":\"https:\\\/\\\/lunch-bornholm.dk\\\/wp-content\\\/uploads\\\/2026\\\/01\\\/MG_9287.jpg\",\"datePublished\":\"2020-02-12T07:51:30+00:00\",\"dateModified\":\"2026-02-12T12:34:30+00:00\",\"description\":\"Frokostrestaurant med udsigt til smagsoplevelser i s\u00e6rklasse. Kontaktieren Sie Restaurant LUNCH noch heute!\",\"breadcrumb\":{\"@id\":\"https:\\\/\\\/lunch-bornholm.dk\\\/de\\\/#breadcrumb\"},\"inLanguage\":\"de\",\"potentialAction\":[{\"@type\":\"ReadAction\",\"target\":[\"https:\\\/\\\/lunch-bornholm.dk\\\/de\\\/\"]}]},{\"@type\":\"ImageObject\",\"inLanguage\":\"de\",\"@id\":\"https:\\\/\\\/lunch-bornholm.dk\\\/de\\\/#primaryimage\",\"url\":\"https:\\\/\\\/lunch-bornholm.dk\\\/wp-content\\\/uploads\\\/2026\\\/01\\\/MG_9287.jpg\",\"contentUrl\":\"https:\\\/\\\/lunch-bornholm.dk\\\/wp-content\\\/uploads\\\/2026\\\/01\\\/MG_9287.jpg\"},{\"@type\":\"BreadcrumbList\",\"@id\":\"https:\\\/\\\/lunch-bornholm.dk\\\/de\\\/#breadcrumb\",\"itemListElement\":[{\"@type\":\"ListItem\",\"position\":1,\"name\":\"Forside\",\"item\":\"https:\\\/\\\/lunch-bornholm.dk\\\/de\\\/\"},{\"@type\":\"ListItem\",\"position\":2,\"name\":\"Startseite\"}]},{\"@type\":\"WebSite\",\"@id\":\"https:\\\/\\\/lunch-bornholm.dk\\\/de\\\/#website\",\"url\":\"https:\\\/\\\/lunch-bornholm.dk\\\/de\\\/\",\"name\":\"Restaurant LUNCH\",\"description\":\"Frokostrestaurant med udsigt til smagsoplevelser i s\u00e6rklasse\",\"publisher\":{\"@id\":\"https:\\\/\\\/lunch-bornholm.dk\\\/de\\\/#organization\"},\"potentialAction\":[{\"@type\":\"SearchAction\",\"target\":{\"@type\":\"EntryPoint\",\"urlTemplate\":\"https:\\\/\\\/lunch-bornholm.dk\\\/de\\\/?s={search_term_string}\"},\"query-input\":{\"@type\":\"PropertyValueSpecification\",\"valueRequired\":true,\"valueName\":\"search_term_string\"}}],\"inLanguage\":\"de\"},{\"@type\":\"Organization\",\"@id\":\"https:\\\/\\\/lunch-bornholm.dk\\\/de\\\/#organization\",\"name\":\"Restaurant LUNCH\",\"url\":\"https:\\\/\\\/lunch-bornholm.dk\\\/de\\\/\",\"logo\":{\"@type\":\"ImageObject\",\"inLanguage\":\"de\",\"@id\":\"https:\\\/\\\/lunch-bornholm.dk\\\/de\\\/#\\\/schema\\\/logo\\\/image\\\/\",\"url\":\"https:\\\/\\\/lunch-bornholm.dk\\\/wp-content\\\/uploads\\\/2026\\\/01\\\/logo-hvid.svg\",\"contentUrl\":\"https:\\\/\\\/lunch-bornholm.dk\\\/wp-content\\\/uploads\\\/2026\\\/01\\\/logo-hvid.svg\",\"width\":929,\"height\":1008,\"caption\":\"Restaurant LUNCH\"},\"image\":{\"@id\":\"https:\\\/\\\/lunch-bornholm.dk\\\/de\\\/#\\\/schema\\\/logo\\\/image\\\/\"}}]}<\/script>\n<!-- \/ Yoast SEO plugin. -->","yoast_head_json":{"title":"Startseite | Restaurant LUNCH","description":"Frokostrestaurant med udsigt til smagsoplevelser i s\u00e6rklasse. Kontaktieren Sie Restaurant LUNCH noch heute!","robots":{"index":"index","follow":"follow","max-snippet":"max-snippet:-1","max-image-preview":"max-image-preview:large","max-video-preview":"max-video-preview:-1"},"canonical":"https:\/\/lunch-bornholm.dk\/de\/","og_locale":"de_DE","og_type":"article","og_title":"Startseite | Restaurant LUNCH","og_description":"Frokostrestaurant med udsigt til smagsoplevelser i s\u00e6rklasse. Kontaktieren Sie Restaurant LUNCH noch heute!","og_url":"https:\/\/lunch-bornholm.dk\/de\/","og_site_name":"Restaurant LUNCH","article_modified_time":"2026-02-12T12:34:30+00:00","og_image":[{"width":2000,"height":1333,"url":"https:\/\/lunch-bornholm.dk\/wp-content\/uploads\/2026\/01\/MG_9287.jpg","type":"image\/jpeg"}],"twitter_card":"summary_large_image","twitter_misc":{"Gesch\u00e4tzte Lesezeit":"4\u00a0Minuten"},"schema":{"@context":"https:\/\/schema.org","@graph":[{"@type":"WebPage","@id":"https:\/\/lunch-bornholm.dk\/de\/","url":"https:\/\/lunch-bornholm.dk\/de\/","name":"Startseite | Restaurant LUNCH","isPartOf":{"@id":"https:\/\/lunch-bornholm.dk\/de\/#website"},"primaryImageOfPage":{"@id":"https:\/\/lunch-bornholm.dk\/de\/#primaryimage"},"image":{"@id":"https:\/\/lunch-bornholm.dk\/de\/#primaryimage"},"thumbnailUrl":"https:\/\/lunch-bornholm.dk\/wp-content\/uploads\/2026\/01\/MG_9287.jpg","datePublished":"2020-02-12T07:51:30+00:00","dateModified":"2026-02-12T12:34:30+00:00","description":"Frokostrestaurant med udsigt til smagsoplevelser i s\u00e6rklasse. Kontaktieren Sie Restaurant LUNCH noch heute!","breadcrumb":{"@id":"https:\/\/lunch-bornholm.dk\/de\/#breadcrumb"},"inLanguage":"de","potentialAction":[{"@type":"ReadAction","target":["https:\/\/lunch-bornholm.dk\/de\/"]}]},{"@type":"ImageObject","inLanguage":"de","@id":"https:\/\/lunch-bornholm.dk\/de\/#primaryimage","url":"https:\/\/lunch-bornholm.dk\/wp-content\/uploads\/2026\/01\/MG_9287.jpg","contentUrl":"https:\/\/lunch-bornholm.dk\/wp-content\/uploads\/2026\/01\/MG_9287.jpg"},{"@type":"BreadcrumbList","@id":"https:\/\/lunch-bornholm.dk\/de\/#breadcrumb","itemListElement":[{"@type":"ListItem","position":1,"name":"Forside","item":"https:\/\/lunch-bornholm.dk\/de\/"},{"@type":"ListItem","position":2,"name":"Startseite"}]},{"@type":"WebSite","@id":"https:\/\/lunch-bornholm.dk\/de\/#website","url":"https:\/\/lunch-bornholm.dk\/de\/","name":"Restaurant LUNCH","description":"Frokostrestaurant med udsigt til smagsoplevelser i s\u00e6rklasse","publisher":{"@id":"https:\/\/lunch-bornholm.dk\/de\/#organization"},"potentialAction":[{"@type":"SearchAction","target":{"@type":"EntryPoint","urlTemplate":"https:\/\/lunch-bornholm.dk\/de\/?s={search_term_string}"},"query-input":{"@type":"PropertyValueSpecification","valueRequired":true,"valueName":"search_term_string"}}],"inLanguage":"de"},{"@type":"Organization","@id":"https:\/\/lunch-bornholm.dk\/de\/#organization","name":"Restaurant LUNCH","url":"https:\/\/lunch-bornholm.dk\/de\/","logo":{"@type":"ImageObject","inLanguage":"de","@id":"https:\/\/lunch-bornholm.dk\/de\/#\/schema\/logo\/image\/","url":"https:\/\/lunch-bornholm.dk\/wp-content\/uploads\/2026\/01\/logo-hvid.svg","contentUrl":"https:\/\/lunch-bornholm.dk\/wp-content\/uploads\/2026\/01\/logo-hvid.svg","width":929,"height":1008,"caption":"Restaurant LUNCH"},"image":{"@id":"https:\/\/lunch-bornholm.dk\/de\/#\/schema\/logo\/image\/"}}]}},"_links":{"self":[{"href":"https:\/\/lunch-bornholm.dk\/de\/wp-json\/wp\/v2\/pages\/10762","targetHints":{"allow":["GET"]}}],"collection":[{"href":"https:\/\/lunch-bornholm.dk\/de\/wp-json\/wp\/v2\/pages"}],"about":[{"href":"https:\/\/lunch-bornholm.dk\/de\/wp-json\/wp\/v2\/types\/page"}],"author":[{"embeddable":true,"href":"https:\/\/lunch-bornholm.dk\/de\/wp-json\/wp\/v2\/users\/1"}],"replies":[{"embeddable":true,"href":"https:\/\/lunch-bornholm.dk\/de\/wp-json\/wp\/v2\/comments?post=10762"}],"version-history":[{"count":7,"href":"https:\/\/lunch-bornholm.dk\/de\/wp-json\/wp\/v2\/pages\/10762\/revisions"}],"predecessor-version":[{"id":10874,"href":"https:\/\/lunch-bornholm.dk\/de\/wp-json\/wp\/v2\/pages\/10762\/revisions\/10874"}],"wp:attachment":[{"href":"https:\/\/lunch-bornholm.dk\/de\/wp-json\/wp\/v2\/media?parent=10762"}],"wp:term":[{"taxonomy":"category","embeddable":true,"href":"https:\/\/lunch-bornholm.dk\/de\/wp-json\/wp\/v2\/categories?post=10762"}],"curies":[{"name":"wp","href":"https:\/\/api.w.org\/{rel}","templated":true}]}}